{"id":26,"date":"2016-02-07T13:48:16","date_gmt":"2016-02-07T13:48:16","guid":{"rendered":"https:\/\/nordicforestresearch.org\/nofobe\/?page_id=26"},"modified":"2016-02-07T13:48:16","modified_gmt":"2016-02-07T13:48:16","slug":"projects","status":"publish","type":"page","link":"https:\/\/nordicforestresearch.org\/nofobe\/projects\/","title":{"rendered":"Projects"},"content":{"rendered":"<p>Below you find a list of ongoing research activity and projects at the NOFOBE partner institutions:<\/p>\n<h1>Denmark:<\/h1>\n<p><strong>AX<\/strong><b> &#8211; Access and exclusion along the charcoal commodity chain in Ghana<\/b><\/p>\n<p>Duration: 2015 \u2013 2019<\/p>\n<p>Participating NOFOBE-partners: UCPH<\/p>\n<p>Project-leader: Christian Pilegaard Hansen (cph@ifro.ku.dk)<\/p>\n<p>Partners: Ghana (to institusjoner), 4 Ghanesiske ph.d.-studenter, p\u00e5 co-toutelle-avtale<\/p>\n<p>Funding: Danida, ???\u20ac?<\/p>\n<p>Information: <a href=\"http:\/\/ifro.ku.dk\/english\/research\/projects\/projects_development\/ax\/\">http:\/\/ifro.ku.dk\/english\/research\/projects\/projects_development\/ax\/<\/a><\/p>\n<p><strong>TGG-N<\/strong> &#8211; Transiting to green growth: natural resources in Nepal<\/p>\n<p>Duration: 2014-2018<\/p>\n<p>Participating NOFOBE-partners: UCPH<\/p>\n<p>Project-leader: Carsten Smith-Hall<\/p>\n<p>Partners: Ghana (to institusjoner), 4 Nepalesiske ph.d.-studenter, p\u00e5 co-toutelle-avtale<\/p>\n<p>Funding: Danida, ???\u20ac?<\/p>\n<p>Information: <a href=\"http:\/\/ifro.ku.dk\/english\/research\/projects\/projects_development\/tgg-n\/\">http:\/\/ifro.ku.dk\/english\/research\/projects\/projects_development\/tgg-n\/<\/a><\/p>\n<p><strong>Timber rush<\/strong><b> (Tanzania)<\/b><\/p>\n<p>Duration: 201?- 201? (Ervervs-ph.d.)<\/p>\n<p>Participating NOFOBE-partners: UCPH<\/p>\n<p><strong>Project-leader: Jens Friis Lund (<a href=\"mailto:jens@ifro.ku.dk\">jens@ifro.ku.dk<\/a>)<\/strong><\/p>\n<p>Partners: Tanzania ??<\/p>\n<p>Funding: Danida, 50 k\u20ac (360 kDKK)<\/p>\n<p>Information: www.???<\/p>\n<p><strong>Biosect<\/strong> &#8211; Sustainable production of biomass \u2013 a sectorial perspective<\/p>\n<p>Duration: 2016-2017<\/p>\n<p>Participating NOFOBE-partners: UCPH, SLU-Ume\u00e5 (coord. LOEriksson), NMBU<\/p>\n<p>Funding: NKJ-SNS, 20 k\u20ac<\/p>\n<p>Information: <a href=\"https:\/\/nordicforestresearch.org\/sns-research\/networks\/sns-nkj-networks\/sns-nkj-02-sustainable-production-of-biomass-a-sectorial-perspective\/\">https:\/\/nordicforestresearch.org\/sns-research\/networks\/sns-nkj-networks\/sns-nkj-02-sustainable-production-of-biomass-a-sectorial-perspective\/<\/a><\/p>\n<p><strong>MAES-3<\/strong> (\u00abrunning\u00bb contract with Ministry of Enviroment). UCP and AU are mapping ecosystem services from forest and agriculture as well as related welfare economic values, were possible. Trade-offs between marketed and non-marketed goods and services are made visible in spatial and quantitative form<\/p>\n<p>Funding: Danish Nature Agency<\/p>\n<p>Duration: Running<\/p>\n<p>Participating NOFOBE-partners: UCPH<\/p>\n<h1>EFINORD:<\/h1>\n<p><strong>Polyfores<\/strong> \u2013 Decision Making Support for Forest Ecosystem Services in Europe &#8211; Value Assessment, Synergy Effects and Trade-offs<\/p>\n<p>Duration: 2017-2019<\/p>\n<p>Participating NOFOBE-partners: EFINORD, SLU, EFI-HQ+EFI-CEEC, EFI+CENT, NMBU<\/p>\n<p>Project-leader: Camilla Widmark EFINORD\/SLU<\/p>\n<p>Funding: SUMFOREST\/ERA-NET project, 2.0 mill\u20ac<\/p>\n<p>Information: <a href=\"https:\/\/www.sumforest.org\/calls-research\/\">https:\/\/www.sumforest.org\/calls-research\/<\/a><\/p>\n<h1>Finland:<\/h1>\n<p><strong>New ways to develop and enhance nature-based tourism and recreation in Finland<\/strong><\/p>\n<p>Duration: 2016-2017<\/p>\n<p>Participating NOFOBE-partners: Luke<\/p>\n<p>Project-leader: Liisa Tyrv\u00e4inen\/Luke<\/p>\n<p>Funding: Prime Minister\u2019s Office Finland, ???\u20ac?<\/p>\n<p>Information: www.???<\/p>\n<p><strong>Optica<\/strong> &#8211; Hiilipolitiikasta eteenp\u00e4in<\/p>\n<p>Duration: 2016-2020<\/p>\n<p>Participating NOFOBE-partners: Luke<\/p>\n<p>Project-leader: Jussi Uusivuori\/Luke<\/p>\n<p>Funding: Finnish Academy, 502\u00a0k\u20ac<\/p>\n<p>Information: www.???<\/p>\n<p><strong>FORESCOEF<\/strong> &#8211; Mets\u00e4sektorin tulevaisuus \u2013 kest\u00e4v\u00e4 kilpailukyky\u00e4<\/p>\n<p>Duration: 2014-2017<\/p>\n<p>Participating NOFOBE-partners: HU<\/p>\n<p>Ph.D.-student: Liina H\u00e4yrinen\/HU, Tiia-Lotta Pekkanen\/LUT<\/p>\n<p>Supervisor: : Satu P\u00e4t\u00e4ri\/LUT , Anne Toppinen\/HU<\/p>\n<p>Project-leader: Kaisu Puumalainen\/LUT , Anne Toppinen\/HU<\/p>\n<p>Funding: Finnish Academy, 600\u00a0k\u20ac<\/p>\n<p>Information: www.???<\/p>\n<p><strong>User driven business ecosystems in wood construction<\/strong><\/p>\n<p>Duration: 2016-2019<\/p>\n<p>Participating NOFOBE-partners: HU<\/p>\n<p>Project-leader: Ritva Toivonen\/HU<\/p>\n<p>Funding: Tekes, 400\u00a0k\u20ac<\/p>\n<p>Information: <a href=\"http:\/\/www.woodenliving.net\">www.woodenliving.net<\/a><\/p>\n<p><strong>ORBIT<\/strong><b> &#8211; Orchestrating sustainable user-driven bioeconomy: Policy, transformation and benefits<\/b><\/p>\n<p>Duration: 2017-2020<\/p>\n<p>Participating NOFOBE-partners: HU<\/p>\n<p>Project-leader: Ritva Toivonen\/HU<\/p>\n<p>Funding: Academy of Finland, 1.3\u00a0mill\u20ac<\/p>\n<p>Information: <a href=\"http:\/\/www.woodenliving.net\">www.woodenliving.net<\/a><\/p>\n<p><b><strong>The Finnish Forest Sector Economic Outlook 2016-2020<\/strong><\/b><\/p>\n<p>Duration: Published biannually<\/p>\n<p>Participating NOFOBE-partners: Luke<\/p>\n<p>Project-leader: Jari Viitanen\/Luke<\/p>\n<p>Funding:<\/p>\n<p>Information: <a href=\"https:\/\/jukuri.luke.fi\/handle\/10024\/530477\"><span style=\"text-decoration: underline\"><span style=\"color: #0000ff;font-family: Calibri;font-size: medium\">https:\/\/jukuri.luke.fi\/handle\/10024\/530477<\/span><\/span><\/a><\/p>\n<p><strong>Woodworking sector in bioeconomy 2014-2017<\/strong><\/p>\n<p>Duration: 2014-2017<\/p>\n<p>Participating NOFOBE-partners: Luke<\/p>\n<p>Project-leader: Riitta H\u00e4nninen, Luke<\/p>\n<p>Funding:<\/p>\n<p>Information: www.???<\/p>\n<p><strong>Market awareness as a booster of wood product industry competitiveness 2014-2017<\/strong><\/p>\n<p>Duration: 2014-2017<\/p>\n<p>Participating NOFOBE-partners: Luke<\/p>\n<p>Project-leader: Tuomas Nummelin, Luke<\/p>\n<p>Funding:<\/p>\n<p>Information: www.???<\/p>\n<p><strong>Future rawmaterials, and material flows of woodworking industries, 2014-2018 <\/strong><\/p>\n<p>Duration: 2014-2018<\/p>\n<p>Participating NOFOBE-partners: Luke<\/p>\n<p>Project-leader: Erkki Verkasalo, Luke<\/p>\n<p>Funding:<\/p>\n<p>Information: www.???<\/p>\n<p><strong>New biorefinery ecosystems and their economies of scale<\/strong><\/p>\n<p>Duration: 2016-2017<\/p>\n<p>Participating NOFOBE-partners: Luke<\/p>\n<p>Project-leader: Erkki Verkasalo, Luke<\/p>\n<p>Funding:<\/p>\n<p>Information: www.???<\/p>\n<h2>Joensuu-campus:<\/h2>\n<p><strong>FORBIO<\/strong> &#8211; Sustainable, climate-neutral and resource-efficient forest-based bioeconomy<\/p>\n<p>Participating NOFOBE-partners: UEF, EFI, LUKE<\/p>\n<p>Duration 2015-2020<\/p>\n<p>Funding: Finnish Academy,\u00a07.6 mill. \u20ac<\/p>\n<p>Project-leader: Heli Peltola, UEF<\/p>\n<p>Information: <a title=\"http:\/\/www.uef.fi\/en\/web\/forbio\" href=\"http:\/\/www.uef.fi\/en\/web\/forbio\" target=\"_blank\">http:\/\/www.uef.fi\/en\/web\/forbio<\/a>)<\/p>\n<p><strong>Topical follow-up of forest sectors in Russia and Eastern European countries<\/strong><\/p>\n<p>Duration: 2016-20??<\/p>\n<p>Participating NOFOBE-partners: Luke<\/p>\n<p>Project-leader: Timo Karjalainen, Sari Karvinen, etc.<\/p>\n<p>Funding:<\/p>\n<p>Information: <a href=\"http:\/\/www.idanmetsatieto.info\/fi\/\">http:\/\/www.idanmetsatieto.info\/fi\/<\/a><\/p>\n<p><strong>Competitive solution based on Finnish knowledge for management of up-to-date forest resource data in Russia<\/strong><\/p>\n<p>Duration: 2016-20??<\/p>\n<p>Participating NOFOBE-partners: Luke<\/p>\n<p>Project-leader: Timo Karjalainen, Sari Karvinen, etc.<\/p>\n<p>Funding:<\/p>\n<p>Information: www.???<\/p>\n<p><b><strong>Forest leasing \u2013 new property management service for private forests<\/strong><\/b><\/p>\n<p>Duration: 2015-2017<\/p>\n<p>Participating NOFOBE-partners: Luke<\/p>\n<p>Project-leader: Mikko Kurttila, Luke<\/p>\n<p>Funding:<\/p>\n<p>Information: www.???<\/p>\n<h1>Norway:<\/h1>\n<h2>NMBU:<\/h2>\n<p><strong>Bio4Fuel<\/strong><\/p>\n<p>Participating NOFOBE-partners: NMBU, PFI<\/p>\n<p>Duration 2017-2024<\/p>\n<p>Funding: Research Council of Norway,\u00a016 mill. \u20ac<\/p>\n<p>Project-leader: Dr. Duncan Akporiaye, SINTEF (Deputy Leader\u00a0Prof. Sevein Jarle Horn,\u00a0NMBU,\u00a0\u00a0Adm. Manager Dr. \u00c5got Aakra,\u00a0NMBU)<\/p>\n<p>Information:<a href=\"https:\/\/www.nmbu.no\/en\/services\/centers\/bio4fuels\">https:\/\/www.nmbu.no\/en\/services\/centers\/bio4fuels<\/a><\/p>\n<p><strong>BioNEXT<\/strong> &#8211; The role of bioenergy in the future energy system<\/p>\n<p>Participating NOFOBE-partners: NMBU<\/p>\n<p>Duration 2016-2018<\/p>\n<p>Funding, Resreach Council of Norway,\u00a0EnergiX-programme\u00a01.5 mill. \u20ac<\/p>\n<p>Project-leader: Torjus Bolkesj\u00f8 NMBU<\/p>\n<p>Information: <a href=\"https:\/\/www.nmbu.no\/om\/fakulteter\/miljotek\/institutter\/ina\/forskning\/faggrupper\/fornybar-energi\">https:\/\/www.nmbu.no\/om\/fakulteter\/miljotek\/institutter\/ina\/forskning\/faggrupper\/fornybar-energi<\/a>)<\/p>\n<p><b>FLEXELTERM<\/b><\/p>\n<p>Duration: 2013-2016<\/p>\n<p>Participating NOFOBE-partners: NMBU<\/p>\n<p>Ph.D.-student\/Postdoc.: Walid Mustapha<\/p>\n<p>Supervisor: Erik Tr\u00f8mborg<\/p>\n<p>Partners: Aalborg Universitet, DTU Ris\u00f8 (Denmark), Link\u00f8pings Universitet<\/p>\n<p>Funding: Resreach Coincil of Norway, 1,2 mill. \u20ac<\/p>\n<p>Information: <a href=\"http:\/\/www.flexelterm.no\/\">http:\/\/www.flexelterm.no\/<\/a><\/p>\n<p><strong>FORMIT<\/strong><b> &#8211; FORest management strategies to enhance the MITigation potential of European forests<\/b><\/p>\n<p>Duration: 2012-2016<\/p>\n<p>Participating NOFOBE-partners: NMBU<\/p>\n<p>Project-leader: NMBU &#8211; partner, Birger Solberg<\/p>\n<p>Ph.D.-student: Rafal Chudy<\/p>\n<p>Partner: Wageningen (coord), UH, Luke, +++<\/p>\n<p>Funding: 7RP Food, Agriculture and Fisheries, Biotechnology<\/p>\n<p>Information: <a href=\"http:\/\/eu-formit.eu\/\">http:\/\/eu-formit.eu\/<\/a><\/p>\n<p><strong>Flex4RES<\/strong> &#8211; Flexibility for Variable Renewable Energy Integration in the Nordic Energy System<\/p>\n<p>Duration: 2016-2019<\/p>\n<p>Participating NOFOBE-partners: NMBU<\/p>\n<p>Project-leader: Torjus F. Bolkesj\u00f8<\/p>\n<p>Partners: DTU (coord), KTH, Aalto, +++ (9 partners + industry)<\/p>\n<p>Funding: Nordforsk, Nordic Flagship project 2,6 mill. \u20ac (total)<\/p>\n<p>Information: <a href=\"http:\/\/www.nordicenergy.org\/flagship\/flex4res\/about-flex4res\/\">http:\/\/www.nordicenergy.org\/flagship\/flex4res\/about-flex4res\/<\/a><\/p>\n<p><strong>Forest sector model of Tanzania<\/strong><\/p>\n<p>Duration: 2015 \u2013 2017 (Ph.D.-project)<\/p>\n<p>Participating NOFOBE-partners: NMBU<\/p>\n<p>Ph.D.-student: Greyson Nyamoga<\/p>\n<p>Supervisor: Birger Solberg and Hanne K. Sj\u00f8lie<\/p>\n<p>Partners: Sokoine University of Agriculture, TZ, UoIdaho<\/p>\n<p>Funding: NMBU Ph.D.-project 0,36 mill. \u20ac<\/p>\n<p>Information:<\/p>\n<p><strong>Forestry and forest management in an uncertain environment \u2013 adaptation to climate change<\/strong><\/p>\n<p>Duration: 2015 \u2013 2018 (Ph.D.-project)<\/p>\n<p>Ph.D.-student: Kaja Mathilde Aa. Heltorp<\/p>\n<p>Supervisor: Hans Fredrik Hoen, Annika Kangas, Terje Gobakken<\/p>\n<p>Participating NOFOBE-partners: NMBU<\/p>\n<p>Funding: NMBU Ph.D.-project (0,36 mill.\u20ac)<\/p>\n<p>Information:<\/p>\n<h2>NIBIO:<\/h2>\n<p><strong>Tech4Effect<\/strong><\/p>\n<p>Duration: 2017-2020<\/p>\n<p>Participating NOFOBE-partners: UCPH<\/p>\n<p>Project-leader: Rasmus Astrup, Norwegian Institute of Bioeconomy Research<\/p>\n<p>Partners: NIBIO (coordinator), 19 partners, 7 countries (Norway, Italy, Austria, Finland, Denmark, Germany, Poland)<\/p>\n<p>Funding: EU HZ2020\u00a0 4.8 mill. \u20ac<\/p>\n<p>Information: <a href=\"http:\/\/cordis.europa.eu\/project\/rcn\/205404_en.html\">http:\/\/cordis.europa.eu\/project\/rcn\/205404_en.html<\/a>\u00a0or <a href=\"http:\/\/www.nibio.no\/nyheter\/europeisk-millionprosjekt-for-brekraftig-skogsdrift\/\">http:\/\/www.nibio.no\/nyheter\/europeisk-millionprosjekt-for-brekraftig-skogsdrift\/<\/a><\/p>\n<h1>Sweden:<\/h1>\n<h2>SLU-Skogens produkter:<\/h2>\n<p><strong>Supply chain management<\/strong><\/p>\n<p>Duration: 2013 \u2013 2017 (Ph.D.-project)<\/p>\n<p>Participating NOFOBE-partners: SLU<\/p>\n<p>Ph.D.-student: Magnus Larsson<\/p>\n<p>Supervisor: Anders Roos<\/p>\n<p>Project-leader: Anders Roos, SLU<\/p>\n<p>Funding: Industry, ?0,35 mill \u20ac?<\/p>\n<p>Information: www.???<\/p>\n<p><strong>Governing the bioeconomy transition: actors, values and trade-offs<\/strong><\/p>\n<p>Duration:<\/p>\n<p>Participating NOFOBE-partners: SLU<\/p>\n<p>Project-leader:<\/p>\n<p>Project-leader: Anders Roos, SLU<\/p>\n<p>Funding: Formas, ???\u20ac?<\/p>\n<p>Information: www.???<\/p>\n<p>&nbsp;<\/p>\n<p><strong>Life cycle analysis \u2013 energy (C-LCA) Energy and technology<\/strong><\/p>\n<p>Duration: 2016 -2018<\/p>\n<p>Participating NOFOBE-partners: SLU<\/p>\n<p>Project-leader: Anders Roos<\/p>\n<p>Project-leader: Anders Roos, SLU<\/p>\n<p>Funding: Energy agency, ???\u20ac?<\/p>\n<p>Information: www.???<\/p>\n<p><strong>Bio-innovation programme \u2013\u00a0Local textile for agriculture<\/strong> (\u2013 mulching by forest-based textile cover)<\/p>\n<p>Duration: 2016 &#8211; 2017<\/p>\n<p>Participating NOFOBE-partners: SLU<\/p>\n<p>Cooperating partner: Innventia, industry<\/p>\n<p>Project-leader: Anders Roos, SLU<\/p>\n<p>Funding: Vinnova, industry,\u00a0 ???\u20ac?<\/p>\n<p>Information: www.???<\/p>\n<p><strong>Cascading of biomass<\/strong><\/p>\n<p>Duration: 2015 \u2013 2016<\/p>\n<p>Participating NOFOBE-partners: SLU<\/p>\n<p>Cooperation: Sveaskog, Stockholm Environment Institute<\/p>\n<p>Project-leader: Anders Roos, SLU<\/p>\n<p>Funding: IEA, ???\u20ac?<\/p>\n<p>Information: www.???<\/p>\n<p><strong>Conflicts, interest-groups, actors in forest bioeconomy transition<\/strong><\/p>\n<p>Duration:<\/p>\n<p>Participating NOFOBE-partners: SLU<\/p>\n<p>Project-leader: Anders Roos, SLU<\/p>\n<p>Cooperation:<\/p>\n<p>Funding:<\/p>\n<p>Information: www.???<\/p>\n<p><strong>Municipal planning for recreation<\/strong><\/p>\n<p>Duration:<\/p>\n<p>Participating NOFOBE-partners: SLU<\/p>\n<p>Project-leader: Anders Roos, SLU<\/p>\n<p>Cooperation:<\/p>\n<p>Funding:<\/p>\n<p>Information: www.???<\/p>\n","protected":false},"excerpt":{"rendered":"<p>Below you find a list of ongoing research activity and projects at the NOFOBE partner institutions: Denmark: AX &#8211; Access and exclusion along the charcoal commodity chain in Ghana Duration: 2015 \u2013 2019 Participating NOFOBE-partners: UCPH Project-leader: Christian Pilegaard Hansen (cph@ifro.ku.dk) Partners: Ghana (to institusjoner), 4 Ghanesiske ph.d.-studenter, p\u00e5 co-toutelle-avtale\u2026<\/p>\n<p> <a class=\"continue-reading-link\" href=\"https:\/\/nordicforestresearch.org\/nofobe\/projects\/\"><span>Continue reading<\/span><i class=\"crycon-right-dir\"><\/i><\/a> <\/p>\n","protected":false},"author":1,"featured_media":0,"parent":0,"menu_order":0,"comment_status":"closed","ping_status":"closed","template":"","meta":{"_monsterinsights_skip_tracking":false,"_monsterinsights_sitenote_active":false,"_monsterinsights_sitenote_note":"","_monsterinsights_sitenote_category":0,"ngg_post_thumbnail":0,"footnotes":""},"class_list":["post-26","page","type-page","status-publish","hentry"],"_links":{"self":[{"href":"https:\/\/nordicforestresearch.org\/nofobe\/wp-json\/wp\/v2\/pages\/26","targetHints":{"allow":["GET"]}}],"collection":[{"href":"https:\/\/nordicforestresearch.org\/nofobe\/wp-json\/wp\/v2\/pages"}],"about":[{"href":"https:\/\/nordicforestresearch.org\/nofobe\/wp-json\/wp\/v2\/types\/page"}],"author":[{"embeddable":true,"href":"https:\/\/nordicforestresearch.org\/nofobe\/wp-json\/wp\/v2\/users\/1"}],"replies":[{"embeddable":true,"href":"https:\/\/nordicforestresearch.org\/nofobe\/wp-json\/wp\/v2\/comments?post=26"}],"version-history":[{"count":0,"href":"https:\/\/nordicforestresearch.org\/nofobe\/wp-json\/wp\/v2\/pages\/26\/revisions"}],"wp:attachment":[{"href":"https:\/\/nordicforestresearch.org\/nofobe\/wp-json\/wp\/v2\/media?parent=26"}],"curies":[{"name":"wp","href":"https:\/\/api.w.org\/{rel}","templated":true}]}}