{"id":96,"date":"2013-06-10T11:30:13","date_gmt":"2013-06-10T11:30:13","guid":{"rendered":"https:\/\/nordicforestresearch.org\/car-es\/?page_id=96"},"modified":"2022-03-22T07:54:53","modified_gmt":"2022-03-22T07:54:53","slug":"publications","status":"publish","type":"page","link":"https:\/\/nordicforestresearch.org\/car-es\/publications\/","title":{"rendered":"Publications"},"content":{"rendered":"<h4>Fact sheets, policy briefs<\/h4>\n<p><a href=\"https:\/\/nordicforestresearch.org\/wp-content\/uploads\/2021\/04\/CAR_ES_01.6.4.2021.pdf\">Centre of Advanced Research \u2013 Environmental Services (CAR-ES)<\/a><\/p>\n<p><a href=\"https:\/\/nordicforestresearch.org\/wp-content\/uploads\/2021\/04\/CAR_ES_02.6.4.2021.pdf\">Effects of intensive biomass harvesting on soil organic carbon and nutrients<\/a><\/p>\n<p><a href=\"https:\/\/nordicforestresearch.org\/wp-content\/uploads\/2021\/04\/CAR_ES_03.8.4.2021_.pdf\">How much carbon is sequestered in soil after afforestation of agricultural land in Northern Europe?<\/a><\/p>\n<p><a href=\"https:\/\/nordicforestresearch.org\/wp-content\/uploads\/2021\/04\/CAR_ES_04.6.4.2021.pdf\">Forests and waters in the Nordic-Baltic region\u2014highlights from the CAR-ES network<\/a><\/p>\n<p><a href=\"https:\/\/nordicforestresearch.org\/wp-content\/uploads\/2021\/04\/CAR_ES_05.6.4.2021.pdf\" target=\"_blank\" rel=\"noopener\">Key to soil quality: texture and mineralogy<\/a><\/p>\n<p><a href=\"https:\/\/nordicforestresearch.org\/car-es\/wp-content\/uploads\/sites\/2\/2022\/03\/CAR-ES-Fact-sheet-06_Sustainability-governance-for-bioenergy-and-the-wider-bioeconomy_17Mar2022.pdf\">Sustainability governance for bioenergy and the wider bioeconomy<\/a><\/p>\n<p><a href=\"https:\/\/nordicforestresearch.org\/wp-content\/uploads\/2019\/02\/Anthrop.-greenh-gases.pdf\" target=\"_blank\" rel=\"noopener\">Anthropogenic greenhouse gas emissions from drained organic forest soils: Why should we care?<\/a> (with <a href=\"https:\/\/nordicforestresearch.org\/previous-research-projects\/\" target=\"_blank\" rel=\"noopener\">SNS-120<\/a>)<\/p>\n<h4>Synthesis papers<\/h4>\n<p>Clarke N, Ki\u00e6r LP, Kj\u00f8naas OJ, B\u00e1rcena TG, Vesterdal L, Stupak I, Fin\u00e9r L, Jacobson S, Armolaitis K, Lazdina D, Stef\u00e1nsd\u00f3ttir HM, Sigurdsson BD (2021) Effects of intensive biomass harvesting on forest soils in the Nordic countries and the UK: A meta-analysis. Forest Ecology and Management 482, 118877, DOI: <a href=\"https:\/\/doi.org\/10.1016\/j.foreco.2020.118877\" target=\"_blank\" rel=\"noopener\">10.1016\/j.foreco.2020.118877<\/a> (with <a href=\"https:\/\/nordicforestresearch.org\/previous-research-projects\/\" target=\"_blank\" rel=\"noopener\">SNS-118<\/a>)<\/p>\n<p>Kj\u00f8naas OJ, B\u00e1rcena TG, Hylen G, Nordbakken J-F, \u00d8kland T (2021) Boreal tree species change as a climate mitigation strategy: impact on ecosystem C and N stocks and soil nutrient levels. Ecosphere 12, e03826. <a href=\"https:\/\/doi.org\/10.1002\/ecs2.3826\" target=\"_blank\" rel=\"noopener\">https:\/\/doi.org\/10.1002\/ecs2.3826<\/a><\/p>\n<p>Stupak I, Smith CT, Clarke N (2021) Governing sustainability of bioenergy, biomaterial and bioproduct supply chains from forest and agricultural landscapes. Energy, Sustainability and Society 11(1), 12. <a href=\"https:\/\/doi.org\/10.1186\/s13705-021-00288-3\" target=\"_blank\" rel=\"noopener\">https:\/\/doi.org\/10.1186\/s13705-021-00288-3<\/a> (correction in <a href=\"https:\/\/doi.org\/10.1186\/s13705-021-00294-5\" target=\"_blank\" rel=\"noopener\">18<\/a>)<\/p>\n<p>Titus BD, Brown K, Helmisaari H-S, Vanguelova E, Stupak I, Evans A, Clarke N, Guidi C, Bruckman VJ, Varnagiryte-Kabasinskiene I, Armolaitis K, de Vries W, Hirai K, Kaarakka L, Hogg K, Reece P (2021) Sustainable forest biomass: a review of current residue harvesting guidelines. Energy, Sustainability and Society 11(1), 10. <a href=\"https:\/\/doi.org\/10.1186\/s13705-021-00281-w\" target=\"_blank\" rel=\"noopener\">https:\/\/doi.org\/10.1186\/s13705-021-00281-w<\/a><\/p>\n<p>Callesen I, Clarke N, Lazdin\u0161 A, Varnagiryte-Kabasinskiene I, Raulund-Rasmussen K (2019) Nutrient release capability in Nordic and Baltic forest soils determined by dilute nitric acid extraction \u2013 Relationships with indicators for soil quality, pH and sustainable forest management. Ecological Indicators 96: 540-547. <a href=\"https:\/\/doi.org\/10.1016\/j.ecolind.2018.09.027\" target=\"_blank\" rel=\"noopener\">https:\/\/doi.org\/10.1016\/j.ecolind.2018.09.027<\/a><\/p>\n<p>Jauhiainen, J, Alm, J, Bjarnadottir, B, Callesen, I, Christiansen, JR, Clarke, N, Dalsgaard, L, He, H, Jordan, S, Kazanavi\u010di\u016bt\u0117, V, Klemedtsson, L, Lauren, A, Lazdins, A, Lehtonen, A, Lohila, A, Lupikis, A, Mander, \u00dc, Minkkinen, K, Kasimir, \u00c5, Olsson, M, Ojanen, P, \u00d3skarsson, H, Sigurdsson, BD, S\u00f8gaard, G, Soosaar, K, Vesterdal, L, Laiho, R (2019) Reviews and Syntheses: Greenhouse gas exchange data from drained organic forest soils \u2013 a review of current approaches and recommendations for future research. Biogeosciences 16: 4687-4703. DOI: <a href=\"https:\/\/doi.org\/10.5194\/bg-16-4687-2019\" target=\"_blank\" rel=\"noopener\">10.5194\/bg-16-4687-2019<\/a> (with <a href=\"https:\/\/nordicforestresearch.org\/previous-research-projects\/\" target=\"_blank\" rel=\"noopener\">SNS-120<\/a>)<\/p>\n<p>Parts K, Tedersoo L, Schindlbacher A, Sigurdsson BD, Leblans NIW, Oddsdottir ES, Borken W, Ostonen I (2019) Acclimation of fine root systems to soil warming: Comparison of an experimental setup and a natural soil temperature gradient. Ecosystems 22: 457\u2013472. <a href=\"https:\/\/doi.org\/10.1007\/s10021-018-0280-y\" target=\"_blank\" rel=\"noopener\">https:\/\/doi.org\/10.1007\/s10021-018-0280-y<\/a><\/p>\n<p>Ring, E, Johansson, J, Sandstrom, C, Bjarnadottir, B, Finer, L, Libiete, Z, Lode, E, Stupak, I, Saetersdal, M (2017) Mapping policies for surface water protection zones on forest land in the Nordic-Baltic region: Large differences in prescriptiveness and zone width. Ambio 46(8): 878-893. DOI: <a href=\"http:\/\/dx.doi.org\/10.1007\/s13280-017-0924-8\" target=\"_blank\" rel=\"noopener noreferrer\">10.1007\/s13280-017-0924-8<\/a><\/p>\n<h4>Other peer-reviewed publications<\/h4>\n<p>(more can be found in the <a href=\"https:\/\/nordicforestresearch.org\/car-es7\/\" target=\"_blank\" rel=\"noopener\">annual reports<\/a>)<\/p>\n<p><strong>2020-2021<\/strong><\/p>\n<p>Kriiska K, L\u00f5hmus K, Frey J, Asi E, Kabral N, Napa \u00dc, Ostonen I (2021) The dynamics of mass loss and nutrient release of decomposing fine roots, needle litter and standard substrates in hemiboreal coniferous forests. Frontiers in Forests and Global Change 4, 686468. <a href=\"https:\/\/doi.org\/10.3389\/ffgc.2021.686468\" target=\"_blank\" rel=\"noopener\">https:\/\/doi.org\/10.3389\/ffgc.2021.686468<\/a><\/p>\n<p>Hei\u00f0arsson L, Sigurdsson BD, Dav\u00ed\u00f0sson B\u00d6, Hrafnkelsd\u00f3ttir B, Sigurgeirsson A, Sk\u00falason B, Vest MD, Halldorsson G (2020) The effect of the pine woolly aphid (<em>Pineus pini<\/em>) on survival, growth and natural selection in Scots pine (<em>Pinus sylvestris<\/em>) in Iceland. Agricultural and Forest Entomology 22: 146-156. <a href=\"https:\/\/doi.org\/10.1111\/afe.12369\" target=\"_blank\" rel=\"noopener\">https:\/\/doi.org\/10.1111\/afe.12369<\/a><\/p>\n<p>Poeplau C, Sigur\u00f0sson P, Sigurdsson BD (2020) Depletion of soil carbon and aggregation after strong warming of a subarctic Andosol under forest and grassland cover. Soil 6: 115-129. <a href=\"https:\/\/doi.org\/10.5194\/soil-6-115-2020\" target=\"_blank\" rel=\"noopener\">https:\/\/doi.org\/10.5194\/soil-6-115-2020<\/a><\/p>\n<p>Baldvinsd\u00f3ttir G, J\u00f3nsd\u00f3ttir S, Sigurdsson BD (2020) Impact of different stocking densities of sheep on establishing stands of <em>Larix sibirica<\/em> in Iceland. Icelandic Agricultural Sciences 33: 89-101. <a href=\"http:\/\/ias.is\/wp-content\/uploads\/2020\/10\/IAS-2020-8-G-Baldvinsdottir-S-Jonsdottir-BD-Sigurdsson-89-101-2.pdf\" target=\"_blank\" rel=\"noopener\">https:\/\/doi.org\/10.16886\/IAS.2020.08<\/a><\/p>\n<p>Maljanen M, Yli-Moijala H, Sigurdsson BD, Biasi C (2020) Stable isotope method reveals the role of abiotic source of carbon dioxide efflux from geothermally warmed soil in southern Iceland. Icelandic Agricultural Sciences 33: 41-56. <a href=\"http:\/\/ias.is\/wp-content\/uploads\/2020\/09\/IAS-2020-5-M-Maljanen-H-Yli-Moijala-BD-Sigurdsson-C-Biasi-41-56.pdf\" target=\"_blank\" rel=\"noopener\">https:\/\/doi.org\/10.16886\/IAS.2020.05<\/a><\/p>\n<p>Zhang J, Ekblad A, Sigurdsson BD, Wallander H (2020) The influence of soil warming on organic carbon sequestration of arbuscular mycorrhizal fungi in a sub-arctic grassland. Soil Biology &amp; Biochemistry 147; 107826. <a href=\"https:\/\/doi.org\/10.1016\/j.soilbio.2020.107826\" target=\"_blank\" rel=\"noopener\">https:\/\/doi.org\/10.1016\/j.soilbio.2020.107826<\/a><\/p>\n<p>Kutcherov D, Slotsbo S, Sigurdsson BD, Leblans NIW, Berg MP, Ellers J, Mari\u00ebn J, Holmstrup M (2020) Temperature responses in a subarctic springtail from two geothermally warmed habitats. Pedobiologia 78, 150606. <a href=\"https:\/\/doi.org\/10.1016\/j.pedobi.2019.150606\" target=\"_blank\" rel=\"noopener\">https:\/\/doi.org\/10.1016\/j.pedobi.2019.150606<\/a><\/p>\n<p><strong>2019<\/strong><\/p>\n<p>Callesen I, Clarke N, Lazdin\u0161 A, Varnagiryte-Kabasinskiene I, Raulund-Rasmussen K (2019) Nutrient release capability in Nordic and Baltic forest soils determined by dilute nitric acid extraction \u2013 Relationships with indicators for soil quality, pH and sustainable forest management. Ecological Indicators 96: 540-547. DOI: <a href=\"https:\/\/doi.org\/10.1016\/j.ecolind.2018.09.027\" target=\"_blank\" rel=\"noopener noreferrer\">10.1016\/j.ecolind.2018.09.027<\/a><\/p>\n<p>Hrafnkelsdottir, B, Sigurdsson, BD, Oddsdottir, ES, Sverrisson, H, Halldorsson, G (2019) Winter survival of <em>Ceramica pisi<\/em> (Lepidoptera: Noctuidae) in Iceland. Agricultural and Forest Entomology 21: 219\u2013226. DOI: <a href=\"https:\/\/doi.org\/10.1111\/afe.12323\" target=\"_blank\" rel=\"noopener\">10.1111\/afe.12323<\/a><\/p>\n<p>Kriiska K, Frey J, Asi E, Kabral N, Uri V, Aosaar J, Varik M, Napa \u00dc, Apuhtin V, Timmusk T, Ostonen I (2019) Variation in annual carbon fluxes affecting the SOC pool in hemiboreal coniferous forests in Estonia. Forest Ecology and Management 433: 419\u2212430. doi: <a href=\"http:\/\/dx.doi.org\/10.1016\/j.foreco.2018.11.026\">10.1016\/j.foreco.2018.11.026<\/a>.<\/p>\n<p>Mara\u00f1\u00f3n-Jim\u00e9nez, S, Pe\u00f1uelas, J, Richter, A, Sigurdsson, BD, Fuchslueger, L, Leblans, NIW, Janssens, IA (2019) Coupled carbon and nitrogen losses in response to seven years of chronic warming in subarctic soils. Soil Biology and Biochemistry 134: 152-161. DOI:&nbsp; <a href=\"https:\/\/doi.org\/10.1016\/j.soilbio.2019.03.028\" target=\"_blank\" rel=\"noopener\">10.1016\/j.soilbio.2019.03.028<\/a><\/p>\n<p><strong>2018<\/strong><\/p>\n<p>Holmstrup M, Ehlers BK, Slotsbo S, Ilieva\u2010Makulec K, Sigurdsson BD, Leblans NIW, Ellers J, Berg MP (2018) Functional diversity of Collembola is reduced in soils subjected to short\u2010term, but not long\u2010term, geothermal warming. Functional Ecology 32: 1304\u20131316. DOI: <a href=\"https:\/\/doi.org\/10.1111\/1365-2435.13058\">10.1111\/1365-2435.13058<\/a><\/p>\n<p>Maljanen M, Bhattarai HR, Biasi C, Sigurdsson BD (2018) The effect of geothermal soil warming on the production of carbon dioxide (CO2), methane (CH4), nitrous oxide (N2O), nitric oxide (NO) and nitrous acid (HONO) from forest soil in southern Iceland. Icelandic Agricultural Sciences 31: 11-22. DOI: <a href=\"http:\/\/dx.doi.org\/10.16886\/IAS.2018.02\">10.16886\/IAS.2018.02<\/a><\/p>\n<p>Mara\u00f1\u00f3n-Jim\u00e9nez S, Soong JL, Leblans NIW, Sigurdsson BD, Pe\u00f1uelas J, Richter A, Asensio D, Fransen E, Janssens IA (2018) Geothermally warmed soils reveal persistent increases in the respiratory costs of soil microbes contributing to substantial C losses. Biogeochemistry 138: 245. DOI: <a href=\"https:\/\/doi.org\/10.1007\/s10533-018-0443-0\">10.1007\/s10533-018-0443-0<\/a><\/p>\n<p>Parts K, Tedersoo L, Schindlbacher A, Sigurdsson BD, Leblans NIW, Oddsdottir ES, Borken W, Ostonen I (2018) Acclimation of Fine Root Systems to Soil Warming: Comparison of an Experimental Setup and a Natural Soil Temperature Gradient. Ecosystems. DOI: <a href=\"http:\/\/dx.doi.org\/10.1007\/s10021-018-0280-y\">10.1007\/s10021-018-0280-y<\/a>.<\/p>\n<p><strong>2017<\/strong><\/p>\n<p>Fin\u00e9r, L., Domisch, T., Dawud, S.M., Raulund-Rasmussen, K., Vesterdal, L., Bouriaud, O., Bruelheide, H., Jaroszewicz, B., Selvi, F., Valladares, F. 2017. Conifer proportion explains fine root biomass more than tree species diversity and site factors in major European forest types. Forest Ecology and Management 406: 330-350.<\/p>\n<p>Dawud, M. D., Raulund-Rasmussen, K., Ratcliffe, S., Domisch, T., Fin\u00e9r. L., Joly, Fran\u00e7ois-Xavier, Hattensschwiler, S., Vesterdal, L. 2017 Tree species functional group is a more important driver of soil properties than tree species diversity across major European forest types. Functional Ecology 31: 1153-1162.<\/p>\n<p>Maljanen, M., Yli-Moijala, H., Biasi, C., Leblans, N. I. W., De Boeck, H. J., Bjarnad\u00f3ttir, B., et al. 2017. The emissions of nitrous oxide and methane from natural soil temperature gradients in a volcanic area in southwest Iceland. Soil Biology and Biochemistry 109: 70-80.<\/p>\n<p>Rahman, M.M., B\u00e1rcena, T.G., Vesterdal, L. 2017. Tree species and time since afforestation drive soil C and N mineralization on former cropland. Geoderma 305: 153-161.<\/p>\n<p>Lupikis, A., Bardule, A., Lazdins, A., Stola, J., Butlers, A. 2017. Carbon stock changes in drained arable organic soils in Latvia: results of a pilot study. Agroonomy Research, 15(3), 788\u2013798.<\/p>\n<p>Bardule, A., Lupikis, A., Butlers, A., Lazdins, A. 2017. Organic carbon stock in different types of mineral soils in cropland and grassland in Latvia. Zemdirbyste-Agriculture, 104(1), 3\u20138.<\/p>\n","protected":false},"excerpt":{"rendered":"<p>Fact sheets, policy briefs Centre of Advanced Research \u2013 Environmental Services (CAR-ES) Effects of intensive biomass harvesting on soil organic carbon and nutrients How much carbon is sequestered in soil after afforestation of agricultural land in Northern Europe? Forests and waters in the Nordic-Baltic region\u2014highlights from the CAR-ES network Key\u2026<\/p>\n<p> <a class=\"continue-reading-link\" href=\"https:\/\/nordicforestresearch.org\/car-es\/publications\/\"><span>Continue reading<\/span><i class=\"crycon-right-dir\"><\/i><\/a> <\/p>\n","protected":false},"author":5,"featured_media":0,"parent":0,"menu_order":0,"comment_status":"closed","ping_status":"closed","template":"","meta":{"_monsterinsights_skip_tracking":false,"_monsterinsights_sitenote_active":false,"_monsterinsights_sitenote_note":"","_monsterinsights_sitenote_category":0,"ngg_post_thumbnail":0,"footnotes":""},"class_list":["post-96","page","type-page","status-publish","hentry"],"_links":{"self":[{"href":"https:\/\/nordicforestresearch.org\/car-es\/wp-json\/wp\/v2\/pages\/96","targetHints":{"allow":["GET"]}}],"collection":[{"href":"https:\/\/nordicforestresearch.org\/car-es\/wp-json\/wp\/v2\/pages"}],"about":[{"href":"https:\/\/nordicforestresearch.org\/car-es\/wp-json\/wp\/v2\/types\/page"}],"author":[{"embeddable":true,"href":"https:\/\/nordicforestresearch.org\/car-es\/wp-json\/wp\/v2\/users\/5"}],"replies":[{"embeddable":true,"href":"https:\/\/nordicforestresearch.org\/car-es\/wp-json\/wp\/v2\/comments?post=96"}],"version-history":[{"count":22,"href":"https:\/\/nordicforestresearch.org\/car-es\/wp-json\/wp\/v2\/pages\/96\/revisions"}],"predecessor-version":[{"id":437,"href":"https:\/\/nordicforestresearch.org\/car-es\/wp-json\/wp\/v2\/pages\/96\/revisions\/437"}],"wp:attachment":[{"href":"https:\/\/nordicforestresearch.org\/car-es\/wp-json\/wp\/v2\/media?parent=96"}],"curies":[{"name":"wp","href":"https:\/\/api.w.org\/{rel}","templated":true}]}}