{"id":6,"date":"2011-05-25T09:17:49","date_gmt":"2011-05-25T09:17:49","guid":{"rendered":"https:\/\/nordicforestresearch.org\/car-es\/?page_id=6"},"modified":"2011-05-25T09:17:49","modified_gmt":"2011-05-25T09:17:49","slug":"partners","status":"publish","type":"page","link":"https:\/\/nordicforestresearch.org\/car-es\/partners\/","title":{"rendered":"Partners"},"content":{"rendered":"<p style=\"text-align: justify\"><a href=\"http:\/\/ign.ku.dk\/\"><strong><em>University of Copenhagen, IGN<\/em><\/strong><\/a><br \/>\n(contact: Prof. Lars Vesterdal, <a href=\"mailto:lv@ign.ku.dk\">lv@ign.ku.dk<\/a>)<\/p>\n<p style=\"text-align: justify\"><a href=\"http:\/\/www.skogforsk.se\/\" target=\"_blank\"><strong><em>Skogforsk, Sweden<\/em><\/strong><\/a><br \/>\n(contact: Assoc. Prof. Lars H\u00f6gbom, <a href=\"mailto:Lars.Hogbom@skogforsk.se\">Lars.Hogbom@skogforsk.se<\/a>)<\/p>\n<p style=\"text-align: justify\"><a href=\"http:\/\/www.luke.fi\/\" target=\"_blank\"><strong><em>Natural Resources Institute Finland (Luke)<\/em><\/strong><\/a><br \/>\n(contact: Research Prof. Raija Laiho, <a href=\"mailto:raija.laiho@luke.fi\">raija.laiho@luke.fi<\/a>)<\/p>\n<p style=\"text-align: justify\"><a href=\"http:\/\/www.helsinki.fi\/metsatieteet\/\"><em><strong>University of Helsinki, Department of Forest Sciences<\/strong><\/em><strong> <\/strong><strong><br \/>\n<\/strong><\/a>(contact: Dr. Marjo Palviainen, <a href=\"mailto:marjo.palviainen@helsinki.fi\">marjo.palviainen@helsinki.fi<\/a>)<\/p>\n<p style=\"text-align: justify\"><a href=\"www.lbhi.is\/\" target=\"_blank\"><strong><em>Agricultural University of Iceland <\/em><\/strong><\/a><br \/>\n(contact: Prof. Bjarni D. Sigurdsson, <a href=\"mailto:bjarni@lbhi.is\">bjarni@lbhi.is<\/a>)<\/p>\n<p style=\"text-align: justify\"><a href=\"http:\/\/www.unak.is\/\"><em><strong>University of<\/strong><\/em><strong> Akureyri<\/strong><strong><br \/>\n<\/strong><\/a>(contact: Dr. Brynhildur Bjarnadottir, <a href=\"mailto:brynhildurb@unak.is\">brynhildurb@unak.is<\/a>)<\/p>\n<p style=\"text-align: justify\"><a href=\"http:\/\/www.skogur.is\/\" target=\"_blank\"><strong><em>Icelandic Forest Research<\/em><\/strong><\/a><br \/>\n(contact: Dr. Edda S. Oddsdottir, <a href=\"mailto:edda@skogur.is\">edda@skogur.is<\/a>)<\/p>\n<p style=\"text-align: justify\"><a href=\"http:\/\/www.nibio.no\/\" target=\"_blank\"><strong><em>Norvegian Institute of Bioeconomy Research<\/em><\/strong><\/a><br \/>\n(contact: Research Prof. O. Janne Kj\u00f8naas, <a href=\"mailto:Janne.Kjonaas@nibio.no\">Janne.Kjonaas@nibio.no<\/a>)<\/p>\n<p style=\"text-align: justify\"><a href=\"http:\/\/www.mi.lt\/\" target=\"_blank\"><strong><em>Institute of Forestry, Lithuanian Research Centre for Agriculture<br \/>\nand Forestry<\/em><\/strong><\/a><br \/>\n(contact: Dr. Iveta Varnagiryt\u0117-Kaba\u0161inskien\u0117, <a href=\"mailto:iveta.kabasinskiene@mi.lt\">iveta.kabasinskiene@mi.lt<\/a>)<\/p>\n<p style=\"text-align: justify\"><a href=\"http:\/\/www.silava.lv\/\" target=\"_blank\"><strong><em>Latvian Forest Research Institute &#8220;Silava&#8221;<\/em><\/strong><\/a><br \/>\n(contact: Dr. Andis Lazdins, <a href=\"mailto:andis.lazdins@silava.lv\">andis.lazdins@silava.lv<\/a>)<\/p>\n<p style=\"text-align: justify\"><a href=\"http:\/\/www.omi.ut.ee\/et\" target=\"_blank\"><em><strong>University of Tartu, Institute of Ecology and Earth Sciences<\/strong><\/em><\/a><br \/>\n(contact: Dr. Ivika Ostonen, <a href=\"mailto:ivika.ostonen@ut.ee\">ivika.ostonen@ut.ee<\/a>)<\/p>\n<p style=\"text-align: justify\"><a href=\"http:\/\/mi.emu.ee\/\" target=\"_blank\"><em><strong>Estonian University of Life Sciences, Institute of Forestry and Rural Engineering<\/strong><\/em><\/a><br \/>\n(contact: Prof. Veiko Uri, <a href=\"mailto:veiko.uri@emu.ee\">veiko.uri@emu.ee<\/a>)<\/p>\n","protected":false},"excerpt":{"rendered":"<p>University of Copenhagen, IGN (contact: Prof. Lars Vesterdal, lv@ign.ku.dk) Skogforsk, Sweden (contact: Assoc. Prof. Lars H\u00f6gbom, Lars.Hogbom@skogforsk.se) Natural Resources Institute Finland (Luke) (contact: Research Prof. Raija Laiho, raija.laiho@luke.fi) University of Helsinki, Department of Forest Sciences (contact: Dr. Marjo Palviainen, marjo.palviainen@helsinki.fi) Agricultural University of Iceland (contact: Prof. Bjarni D. Sigurdsson, bjarni@lbhi.is)\u2026<\/p>\n<p> <a class=\"continue-reading-link\" href=\"https:\/\/nordicforestresearch.org\/car-es\/partners\/\"><span>Continue reading<\/span><i class=\"crycon-right-dir\"><\/i><\/a> <\/p>\n","protected":false},"author":4,"featured_media":28,"parent":0,"menu_order":0,"comment_status":"closed","ping_status":"closed","template":"","meta":{"_monsterinsights_skip_tracking":false,"_monsterinsights_sitenote_active":false,"_monsterinsights_sitenote_note":"","_monsterinsights_sitenote_category":0,"ngg_post_thumbnail":0,"footnotes":""},"class_list":["post-6","page","type-page","status-publish","has-post-thumbnail","hentry"],"_links":{"self":[{"href":"https:\/\/nordicforestresearch.org\/car-es\/wp-json\/wp\/v2\/pages\/6","targetHints":{"allow":["GET"]}}],"collection":[{"href":"https:\/\/nordicforestresearch.org\/car-es\/wp-json\/wp\/v2\/pages"}],"about":[{"href":"https:\/\/nordicforestresearch.org\/car-es\/wp-json\/wp\/v2\/types\/page"}],"author":[{"embeddable":true,"href":"https:\/\/nordicforestresearch.org\/car-es\/wp-json\/wp\/v2\/users\/4"}],"replies":[{"embeddable":true,"href":"https:\/\/nordicforestresearch.org\/car-es\/wp-json\/wp\/v2\/comments?post=6"}],"version-history":[{"count":0,"href":"https:\/\/nordicforestresearch.org\/car-es\/wp-json\/wp\/v2\/pages\/6\/revisions"}],"wp:featuredmedia":[{"embeddable":true,"href":"https:\/\/nordicforestresearch.org\/car-es\/wp-json\/"}],"wp:attachment":[{"href":"https:\/\/nordicforestresearch.org\/car-es\/wp-json\/wp\/v2\/media?parent=6"}],"curies":[{"name":"wp","href":"https:\/\/api.w.org\/{rel}","templated":true}]}}